{"id":41,"date":"2023-05-03T18:14:46","date_gmt":"2023-05-03T18:14:46","guid":{"rendered":"http:\/\/parafiasarbice.pl\/?page_id=41"},"modified":"2023-05-13T14:25:15","modified_gmt":"2023-05-13T14:25:15","slug":"historia-parafii","status":"publish","type":"page","link":"https:\/\/parafiajozwikow.pl\/index.php\/historia-parafii\/","title":{"rendered":"Historia parafii"},"content":{"rendered":"\t\t<div data-elementor-type=\"wp-page\" data-elementor-id=\"41\" class=\"elementor elementor-41\">\n\t\t\t\t\t\t<section class=\"elementor-section elementor-top-section elementor-element elementor-element-7a49b7a elementor-section-boxed elementor-section-height-default elementor-section-height-default\" data-id=\"7a49b7a\" data-element_type=\"section\" data-e-type=\"section\">\n\t\t\t\t\t\t<div class=\"elementor-container elementor-column-gap-default\">\n\t\t\t\t\t<div class=\"elementor-column elementor-col-100 elementor-top-column elementor-element elementor-element-0e0bd3a\" data-id=\"0e0bd3a\" data-element_type=\"column\" data-e-type=\"column\">\n\t\t\t<div class=\"elementor-widget-wrap elementor-element-populated\">\n\t\t\t\t\t\t<div class=\"elementor-element elementor-element-cd47722 elementor-widget elementor-widget-heading\" data-id=\"cd47722\" data-element_type=\"widget\" data-e-type=\"widget\" data-widget_type=\"heading.default\">\n\t\t\t\t<div class=\"elementor-widget-container\">\n\t\t\t\t\t<h2 class=\"elementor-heading-title elementor-size-default\">Historia Parafii<\/h2>\t\t\t\t<\/div>\n\t\t\t\t<\/div>\n\t\t\t\t<div class=\"elementor-element elementor-element-99e9494 elementor-widget elementor-widget-text-editor\" data-id=\"99e9494\" data-element_type=\"widget\" data-e-type=\"widget\" data-widget_type=\"text-editor.default\">\n\t\t\t\t<div class=\"elementor-widget-container\">\n\t\t\t\t\t\t\t\t\t<p>Parafi\u0119 zacz\u0119to tworzy\u0107 w 1981 r. Wtedy te\u017c staraniem ks. Tadeusza Bia\u0142eckiego, z fundacji Janiny i Stanis\u0142awa Ciszk\u00f3w oraz innych darczy\u0144c\u00f3w zbudowano ko\u015bci\u00f3\u0142 w stanie surowym. Parafia zosta\u0142a erygowana 16 IV 1983 r. przez bp. Edwarda Materskiego z wydzielonego terenu parafii W\u0119grzyn i Mnin. Ko\u015bci\u00f3\u0142 jest budowl\u0105 jednonawow\u0105.<\/p>\t\t\t\t\t\t\t\t<\/div>\n\t\t\t\t<\/div>\n\t\t\t\t\t<\/div>\n\t\t<\/div>\n\t\t\t\t\t<\/div>\n\t\t<\/section>\n\t\t\t\t<\/div>\n\t\t","protected":false},"excerpt":{"rendered":"<p>Historia Parafii Parafi\u0119 zacz\u0119to tworzy\u0107 w 1981 r. Wtedy te\u017c staraniem ks. Tadeusza Bia\u0142eckiego, z fundacji Janiny i Stanis\u0142awa Ciszk\u00f3w oraz innych darczy\u0144c\u00f3w zbudowano ko\u015bci\u00f3\u0142 w stanie surowym. Parafia zosta\u0142a erygowana 16 IV 1983 r. przez bp. Edwarda Materskiego z wydzielonego terenu parafii W\u0119grzyn i Mnin. Ko\u015bci\u00f3\u0142 jest budowl\u0105 jednonawow\u0105.<\/p>\n","protected":false},"author":1,"featured_media":0,"parent":0,"menu_order":0,"comment_status":"closed","ping_status":"closed","template":"","meta":{"site-sidebar-layout":"no-sidebar","site-content-layout":"page-builder","ast-site-content-layout":"default","site-content-style":"default","site-sidebar-style":"default","ast-global-header-display":"","ast-banner-title-visibility":"","ast-main-header-display":"","ast-hfb-above-header-display":"","ast-hfb-below-header-display":"","ast-hfb-mobile-header-display":"","site-post-title":"disabled","ast-breadcrumbs-content":"","ast-featured-img":"disabled","footer-sml-layout":"","ast-disable-related-posts":"","theme-transparent-header-meta":"","adv-header-id-meta":"","stick-header-meta":"","header-above-stick-meta":"","header-main-stick-meta":"","header-below-stick-meta":"","astra-migrate-meta-layouts":"default","ast-page-background-enabled":"default","ast-page-background-meta":{"desktop":{"background-color":"var(--ast-global-color-4)","background-image":"","background-repeat":"repeat","background-position":"center center","background-size":"auto","background-attachment":"scroll","background-type":"","background-media":"","overlay-type":"","overlay-color":"","overlay-opacity":"","overlay-gradient":""},"tablet":{"background-color":"","background-image":"","background-repeat":"repeat","background-position":"center center","background-size":"auto","background-attachment":"scroll","background-type":"","background-media":"","overlay-type":"","overlay-color":"","overlay-opacity":"","overlay-gradient":""},"mobile":{"background-color":"","background-image":"","background-repeat":"repeat","background-position":"center center","background-size":"auto","background-attachment":"scroll","background-type":"","background-media":"","overlay-type":"","overlay-color":"","overlay-opacity":"","overlay-gradient":""}},"ast-content-background-meta":{"desktop":{"background-color":"var(--ast-global-color-5)","background-image":"","background-repeat":"repeat","background-position":"center center","background-size":"auto","background-attachment":"scroll","background-type":"","background-media":"","overlay-type":"","overlay-color":"","overlay-opacity":"","overlay-gradient":""},"tablet":{"background-color":"var(--ast-global-color-5)","background-image":"","background-repeat":"repeat","background-position":"center center","background-size":"auto","background-attachment":"scroll","background-type":"","background-media":"","overlay-type":"","overlay-color":"","overlay-opacity":"","overlay-gradient":""},"mobile":{"background-color":"var(--ast-global-color-5)","background-image":"","background-repeat":"repeat","background-position":"center center","background-size":"auto","background-attachment":"scroll","background-type":"","background-media":"","overlay-type":"","overlay-color":"","overlay-opacity":"","overlay-gradient":""}},"footnotes":""},"class_list":["post-41","page","type-page","status-publish","hentry"],"yoast_head":"<!-- This site is optimized with the Yoast SEO plugin v27.2 - https:\/\/yoast.com\/product\/yoast-seo-wordpress\/ -->\n<title>Historia parafii - Parafia pw. MB Nieustaj\u0105cej Pomocy w J\u00f3\u017awikowie<\/title>\n<meta name=\"robots\" content=\"index, follow, max-snippet:-1, max-image-preview:large, max-video-preview:-1\" \/>\n<link rel=\"canonical\" href=\"https:\/\/parafiajozwikow.pl\/index.php\/historia-parafii\/\" \/>\n<meta property=\"og:locale\" content=\"pl_PL\" \/>\n<meta property=\"og:type\" content=\"article\" \/>\n<meta property=\"og:title\" content=\"Historia parafii - Parafia pw. MB Nieustaj\u0105cej Pomocy w J\u00f3\u017awikowie\" \/>\n<meta property=\"og:description\" content=\"Historia Parafii Parafi\u0119 zacz\u0119to tworzy\u0107 w 1981 r. Wtedy te\u017c staraniem ks. Tadeusza Bia\u0142eckiego, z fundacji Janiny i Stanis\u0142awa Ciszk\u00f3w oraz innych darczy\u0144c\u00f3w zbudowano ko\u015bci\u00f3\u0142 w stanie surowym. Parafia zosta\u0142a erygowana 16 IV 1983 r. przez bp. Edwarda Materskiego z wydzielonego terenu parafii W\u0119grzyn i Mnin. Ko\u015bci\u00f3\u0142 jest budowl\u0105 jednonawow\u0105.\" \/>\n<meta property=\"og:url\" content=\"https:\/\/parafiajozwikow.pl\/index.php\/historia-parafii\/\" \/>\n<meta property=\"og:site_name\" content=\"Parafia pw. MB Nieustaj\u0105cej Pomocy w J\u00f3\u017awikowie\" \/>\n<meta property=\"article:modified_time\" content=\"2023-05-13T14:25:15+00:00\" \/>\n<meta name=\"twitter:card\" content=\"summary_large_image\" \/>\n<meta name=\"twitter:label1\" content=\"Szacowany czas czytania\" \/>\n\t<meta name=\"twitter:data1\" content=\"1 minuta\" \/>\n<script type=\"application\/ld+json\" class=\"yoast-schema-graph\">{\"@context\":\"https:\/\/schema.org\",\"@graph\":[{\"@type\":\"WebPage\",\"@id\":\"https:\/\/parafiajozwikow.pl\/index.php\/historia-parafii\/\",\"url\":\"https:\/\/parafiajozwikow.pl\/index.php\/historia-parafii\/\",\"name\":\"Historia parafii - Parafia pw. MB Nieustaj\u0105cej Pomocy w J\u00f3\u017awikowie\",\"isPartOf\":{\"@id\":\"https:\/\/parafiajozwikow.pl\/#website\"},\"datePublished\":\"2023-05-03T18:14:46+00:00\",\"dateModified\":\"2023-05-13T14:25:15+00:00\",\"breadcrumb\":{\"@id\":\"https:\/\/parafiajozwikow.pl\/index.php\/historia-parafii\/#breadcrumb\"},\"inLanguage\":\"pl-PL\",\"potentialAction\":[{\"@type\":\"ReadAction\",\"target\":[\"https:\/\/parafiajozwikow.pl\/index.php\/historia-parafii\/\"]}]},{\"@type\":\"BreadcrumbList\",\"@id\":\"https:\/\/parafiajozwikow.pl\/index.php\/historia-parafii\/#breadcrumb\",\"itemListElement\":[{\"@type\":\"ListItem\",\"position\":1,\"name\":\"Strona g\u0142\u00f3wna\",\"item\":\"https:\/\/parafiajozwikow.pl\/\"},{\"@type\":\"ListItem\",\"position\":2,\"name\":\"Historia parafii\"}]},{\"@type\":\"WebSite\",\"@id\":\"https:\/\/parafiajozwikow.pl\/#website\",\"url\":\"https:\/\/parafiajozwikow.pl\/\",\"name\":\"Parafia pw. MB Nieustaj\u0105cej Pomocy w J\u00f3\u017awikowie\",\"description\":\"\",\"potentialAction\":[{\"@type\":\"SearchAction\",\"target\":{\"@type\":\"EntryPoint\",\"urlTemplate\":\"https:\/\/parafiajozwikow.pl\/?s={search_term_string}\"},\"query-input\":{\"@type\":\"PropertyValueSpecification\",\"valueRequired\":true,\"valueName\":\"search_term_string\"}}],\"inLanguage\":\"pl-PL\"}]}<\/script>\n<!-- \/ Yoast SEO plugin. -->","yoast_head_json":{"title":"Historia parafii - Parafia pw. MB Nieustaj\u0105cej Pomocy w J\u00f3\u017awikowie","robots":{"index":"index","follow":"follow","max-snippet":"max-snippet:-1","max-image-preview":"max-image-preview:large","max-video-preview":"max-video-preview:-1"},"canonical":"https:\/\/parafiajozwikow.pl\/index.php\/historia-parafii\/","og_locale":"pl_PL","og_type":"article","og_title":"Historia parafii - Parafia pw. MB Nieustaj\u0105cej Pomocy w J\u00f3\u017awikowie","og_description":"Historia Parafii Parafi\u0119 zacz\u0119to tworzy\u0107 w 1981 r. Wtedy te\u017c staraniem ks. Tadeusza Bia\u0142eckiego, z fundacji Janiny i Stanis\u0142awa Ciszk\u00f3w oraz innych darczy\u0144c\u00f3w zbudowano ko\u015bci\u00f3\u0142 w stanie surowym. Parafia zosta\u0142a erygowana 16 IV 1983 r. przez bp. Edwarda Materskiego z wydzielonego terenu parafii W\u0119grzyn i Mnin. Ko\u015bci\u00f3\u0142 jest budowl\u0105 jednonawow\u0105.","og_url":"https:\/\/parafiajozwikow.pl\/index.php\/historia-parafii\/","og_site_name":"Parafia pw. MB Nieustaj\u0105cej Pomocy w J\u00f3\u017awikowie","article_modified_time":"2023-05-13T14:25:15+00:00","twitter_card":"summary_large_image","twitter_misc":{"Szacowany czas czytania":"1 minuta"},"schema":{"@context":"https:\/\/schema.org","@graph":[{"@type":"WebPage","@id":"https:\/\/parafiajozwikow.pl\/index.php\/historia-parafii\/","url":"https:\/\/parafiajozwikow.pl\/index.php\/historia-parafii\/","name":"Historia parafii - Parafia pw. MB Nieustaj\u0105cej Pomocy w J\u00f3\u017awikowie","isPartOf":{"@id":"https:\/\/parafiajozwikow.pl\/#website"},"datePublished":"2023-05-03T18:14:46+00:00","dateModified":"2023-05-13T14:25:15+00:00","breadcrumb":{"@id":"https:\/\/parafiajozwikow.pl\/index.php\/historia-parafii\/#breadcrumb"},"inLanguage":"pl-PL","potentialAction":[{"@type":"ReadAction","target":["https:\/\/parafiajozwikow.pl\/index.php\/historia-parafii\/"]}]},{"@type":"BreadcrumbList","@id":"https:\/\/parafiajozwikow.pl\/index.php\/historia-parafii\/#breadcrumb","itemListElement":[{"@type":"ListItem","position":1,"name":"Strona g\u0142\u00f3wna","item":"https:\/\/parafiajozwikow.pl\/"},{"@type":"ListItem","position":2,"name":"Historia parafii"}]},{"@type":"WebSite","@id":"https:\/\/parafiajozwikow.pl\/#website","url":"https:\/\/parafiajozwikow.pl\/","name":"Parafia pw. MB Nieustaj\u0105cej Pomocy w J\u00f3\u017awikowie","description":"","potentialAction":[{"@type":"SearchAction","target":{"@type":"EntryPoint","urlTemplate":"https:\/\/parafiajozwikow.pl\/?s={search_term_string}"},"query-input":{"@type":"PropertyValueSpecification","valueRequired":true,"valueName":"search_term_string"}}],"inLanguage":"pl-PL"}]}},"_links":{"self":[{"href":"https:\/\/parafiajozwikow.pl\/index.php\/wp-json\/wp\/v2\/pages\/41","targetHints":{"allow":["GET"]}}],"collection":[{"href":"https:\/\/parafiajozwikow.pl\/index.php\/wp-json\/wp\/v2\/pages"}],"about":[{"href":"https:\/\/parafiajozwikow.pl\/index.php\/wp-json\/wp\/v2\/types\/page"}],"author":[{"embeddable":true,"href":"https:\/\/parafiajozwikow.pl\/index.php\/wp-json\/wp\/v2\/users\/1"}],"replies":[{"embeddable":true,"href":"https:\/\/parafiajozwikow.pl\/index.php\/wp-json\/wp\/v2\/comments?post=41"}],"version-history":[{"count":3,"href":"https:\/\/parafiajozwikow.pl\/index.php\/wp-json\/wp\/v2\/pages\/41\/revisions"}],"predecessor-version":[{"id":437,"href":"https:\/\/parafiajozwikow.pl\/index.php\/wp-json\/wp\/v2\/pages\/41\/revisions\/437"}],"wp:attachment":[{"href":"https:\/\/parafiajozwikow.pl\/index.php\/wp-json\/wp\/v2\/media?parent=41"}],"curies":[{"name":"wp","href":"https:\/\/api.w.org\/{rel}","templated":true}]}}