{"id":333,"date":"2023-05-13T11:06:40","date_gmt":"2023-05-13T11:06:40","guid":{"rendered":"https:\/\/parafiasarbice.pl\/?page_id=333"},"modified":"2023-05-13T14:27:42","modified_gmt":"2023-05-13T14:27:42","slug":"polityka-prywatnosci","status":"publish","type":"page","link":"https:\/\/parafiajozwikow.pl\/index.php\/polityka-prywatnosci\/","title":{"rendered":"Polityka prywatno\u015bci"},"content":{"rendered":"\t\t<div data-elementor-type=\"wp-page\" data-elementor-id=\"333\" class=\"elementor elementor-333\">\n\t\t\t\t\t\t<section class=\"elementor-section elementor-top-section elementor-element elementor-element-184ae64 elementor-section-boxed elementor-section-height-default elementor-section-height-default\" data-id=\"184ae64\" data-element_type=\"section\" data-e-type=\"section\">\n\t\t\t\t\t\t<div class=\"elementor-container elementor-column-gap-default\">\n\t\t\t\t\t<div class=\"elementor-column elementor-col-100 elementor-top-column elementor-element elementor-element-9002894\" data-id=\"9002894\" data-element_type=\"column\" data-e-type=\"column\">\n\t\t\t<div class=\"elementor-widget-wrap elementor-element-populated\">\n\t\t\t\t\t\t<div class=\"elementor-element elementor-element-de0ed68 elementor-widget elementor-widget-heading\" data-id=\"de0ed68\" data-element_type=\"widget\" data-e-type=\"widget\" data-widget_type=\"heading.default\">\n\t\t\t\t<div class=\"elementor-widget-container\">\n\t\t\t\t\t<h2 class=\"elementor-heading-title elementor-size-default\">Polityka prywatno\u015bci<\/h2>\t\t\t\t<\/div>\n\t\t\t\t<\/div>\n\t\t\t\t\t<\/div>\n\t\t<\/div>\n\t\t\t\t\t<\/div>\n\t\t<\/section>\n\t\t\t\t<section class=\"elementor-section elementor-top-section elementor-element elementor-element-53799eb elementor-section-boxed elementor-section-height-default elementor-section-height-default\" data-id=\"53799eb\" data-element_type=\"section\" data-e-type=\"section\">\n\t\t\t\t\t\t<div class=\"elementor-container elementor-column-gap-default\">\n\t\t\t\t\t<div class=\"elementor-column elementor-col-100 elementor-top-column elementor-element elementor-element-427bfd9\" data-id=\"427bfd9\" data-element_type=\"column\" data-e-type=\"column\">\n\t\t\t<div class=\"elementor-widget-wrap elementor-element-populated\">\n\t\t\t\t\t\t<div class=\"elementor-element elementor-element-4fb0040 elementor-widget elementor-widget-text-editor\" data-id=\"4fb0040\" data-element_type=\"widget\" data-e-type=\"widget\" data-widget_type=\"text-editor.default\">\n\t\t\t\t<div class=\"elementor-widget-container\">\n\t\t\t\t\t\t\t\t\t<ol><li><p><strong>Pliki cookie:<\/strong> Strona internetowa <strong>parafiajozwikow.pl<\/strong> korzysta z plik\u00f3w cookie w celu poprawy funkcjonalno\u015bci, analizy ruchu na stronie oraz dostarczania spersonalizowanych tre\u015bci. Pliki cookie s\u0105 niewielkimi plikami tekstowymi przechowywanymi na urz\u0105dzeniu u\u017cytkownika. U\u017cytkownik ma mo\u017cliwo\u015b\u0107 zarz\u0105dzania ustawieniami dotycz\u0105cymi plik\u00f3w cookie poprzez ustawienia swojej przegl\u0105darki internetowej.<\/p><\/li><li><p><strong>Analityka Google:<\/strong> Strona parafialna wykorzystuje us\u0142ug\u0119 Google Analytics do zbierania anonimowych informacji na temat ruchu na stronie, takich jak liczba odwiedzaj\u0105cych, popularno\u015b\u0107 poszczeg\u00f3lnych stron i sposoby interakcji u\u017cytkownik\u00f3w z witryn\u0105. Dane te s\u0105 wykorzystywane w celach statystycznych i analizy, aby lepiej zrozumie\u0107 preferencje u\u017cytkownik\u00f3w i poprawi\u0107 jako\u015b\u0107 strony. Google Analytics u\u017cywa plik\u00f3w cookie i mo\u017ce gromadzi\u0107 nieosobiste informacje na temat u\u017cytkownik\u00f3w. Informacje te s\u0105 przetwarzane zgodnie z polityk\u0105 prywatno\u015bci Google Analytics.<\/p><\/li><li><p><strong>Zewn\u0119trzne linki:<\/strong> Strona parafialna mo\u017ce zawiera\u0107 linki do zewn\u0119trznych stron internetowych. Administratorzy nie ponosz\u0105 odpowiedzialno\u015bci za polityki prywatno\u015bci i praktyki tych stron.<\/p><\/li><li><p><strong>Zdj\u0119cia:<\/strong> Na stronie internetowej parafii s\u0105 zamieszczane zdj\u0119cia dokumentuj\u0105ce msze \u015bwi\u0119te, wydarzenia parafialne i inne aktywno\u015bci ko\u015bcielne. Kopiowanie, reprodukowanie lub wykorzystywanie zdj\u0119\u0107 bez wyra\u017anej zgody parafii jest zabronione.<\/p><\/li><li><p><strong>Zg\u0142aszanie zastrze\u017ce\u0144:<\/strong> Osoby, kt\u00f3re maj\u0105 zastrze\u017cenia co do publikowanych tre\u015bci, mog\u0105 zg\u0142asza\u0107 swoje uwagi do parafii za po\u015brednictwem e-maila: parafiajozwikow@gmail.com w celu podj\u0119cia odpowiednich dzia\u0142a\u0144.<\/p><\/li><li><p><strong>Zmiany w polityce prywatno\u015bci:<\/strong> Administratorzy zastrzegaj\u0105 sobie prawo do wprowadzania zmian w polityce prywatno\u015bci.<\/p><\/li><\/ol>\t\t\t\t\t\t\t\t<\/div>\n\t\t\t\t<\/div>\n\t\t\t\t\t<\/div>\n\t\t<\/div>\n\t\t\t\t\t<\/div>\n\t\t<\/section>\n\t\t\t\t<\/div>\n\t\t","protected":false},"excerpt":{"rendered":"<p>Polityka prywatno\u015bci Pliki cookie: Strona internetowa parafiajozwikow.pl korzysta z plik\u00f3w cookie w celu poprawy funkcjonalno\u015bci, analizy ruchu na stronie oraz dostarczania spersonalizowanych tre\u015bci. Pliki cookie s\u0105 niewielkimi plikami tekstowymi przechowywanymi na urz\u0105dzeniu u\u017cytkownika. U\u017cytkownik ma mo\u017cliwo\u015b\u0107 zarz\u0105dzania ustawieniami dotycz\u0105cymi plik\u00f3w cookie poprzez ustawienia swojej przegl\u0105darki internetowej. Analityka Google: Strona parafialna wykorzystuje us\u0142ug\u0119 Google Analytics do [&hellip;]<\/p>\n","protected":false},"author":1,"featured_media":0,"parent":0,"menu_order":0,"comment_status":"closed","ping_status":"closed","template":"","meta":{"site-sidebar-layout":"no-sidebar","site-content-layout":"page-builder","ast-site-content-layout":"default","site-content-style":"default","site-sidebar-style":"default","ast-global-header-display":"","ast-banner-title-visibility":"","ast-main-header-display":"","ast-hfb-above-header-display":"","ast-hfb-below-header-display":"","ast-hfb-mobile-header-display":"","site-post-title":"disabled","ast-breadcrumbs-content":"","ast-featured-img":"disabled","footer-sml-layout":"","ast-disable-related-posts":"","theme-transparent-header-meta":"","adv-header-id-meta":"","stick-header-meta":"","header-above-stick-meta":"","header-main-stick-meta":"","header-below-stick-meta":"","astra-migrate-meta-layouts":"default","ast-page-background-enabled":"default","ast-page-background-meta":{"desktop":{"background-color":"var(--ast-global-color-4)","background-image":"","background-repeat":"repeat","background-position":"center center","background-size":"auto","background-attachment":"scroll","background-type":"","background-media":"","overlay-type":"","overlay-color":"","overlay-opacity":"","overlay-gradient":""},"tablet":{"background-color":"","background-image":"","background-repeat":"repeat","background-position":"center center","background-size":"auto","background-attachment":"scroll","background-type":"","background-media":"","overlay-type":"","overlay-color":"","overlay-opacity":"","overlay-gradient":""},"mobile":{"background-color":"","background-image":"","background-repeat":"repeat","background-position":"center center","background-size":"auto","background-attachment":"scroll","background-type":"","background-media":"","overlay-type":"","overlay-color":"","overlay-opacity":"","overlay-gradient":""}},"ast-content-background-meta":{"desktop":{"background-color":"var(--ast-global-color-5)","background-image":"","background-repeat":"repeat","background-position":"center center","background-size":"auto","background-attachment":"scroll","background-type":"","background-media":"","overlay-type":"","overlay-color":"","overlay-opacity":"","overlay-gradient":""},"tablet":{"background-color":"var(--ast-global-color-5)","background-image":"","background-repeat":"repeat","background-position":"center center","background-size":"auto","background-attachment":"scroll","background-type":"","background-media":"","overlay-type":"","overlay-color":"","overlay-opacity":"","overlay-gradient":""},"mobile":{"background-color":"var(--ast-global-color-5)","background-image":"","background-repeat":"repeat","background-position":"center center","background-size":"auto","background-attachment":"scroll","background-type":"","background-media":"","overlay-type":"","overlay-color":"","overlay-opacity":"","overlay-gradient":""}},"footnotes":""},"class_list":["post-333","page","type-page","status-publish","hentry"],"yoast_head":"<!-- This site is optimized with the Yoast SEO plugin v27.2 - https:\/\/yoast.com\/product\/yoast-seo-wordpress\/ -->\n<title>Polityka prywatno\u015bci - Parafia pw. MB Nieustaj\u0105cej Pomocy w J\u00f3\u017awikowie<\/title>\n<meta name=\"robots\" content=\"index, follow, max-snippet:-1, max-image-preview:large, max-video-preview:-1\" \/>\n<link rel=\"canonical\" href=\"https:\/\/parafiajozwikow.pl\/index.php\/polityka-prywatnosci\/\" \/>\n<meta property=\"og:locale\" content=\"pl_PL\" \/>\n<meta property=\"og:type\" content=\"article\" \/>\n<meta property=\"og:title\" content=\"Polityka prywatno\u015bci - Parafia pw. MB Nieustaj\u0105cej Pomocy w J\u00f3\u017awikowie\" \/>\n<meta property=\"og:description\" content=\"Polityka prywatno\u015bci Pliki cookie: Strona internetowa parafiajozwikow.pl korzysta z plik\u00f3w cookie w celu poprawy funkcjonalno\u015bci, analizy ruchu na stronie oraz dostarczania spersonalizowanych tre\u015bci. Pliki cookie s\u0105 niewielkimi plikami tekstowymi przechowywanymi na urz\u0105dzeniu u\u017cytkownika. U\u017cytkownik ma mo\u017cliwo\u015b\u0107 zarz\u0105dzania ustawieniami dotycz\u0105cymi plik\u00f3w cookie poprzez ustawienia swojej przegl\u0105darki internetowej. Analityka Google: Strona parafialna wykorzystuje us\u0142ug\u0119 Google Analytics do [&hellip;]\" \/>\n<meta property=\"og:url\" content=\"https:\/\/parafiajozwikow.pl\/index.php\/polityka-prywatnosci\/\" \/>\n<meta property=\"og:site_name\" content=\"Parafia pw. MB Nieustaj\u0105cej Pomocy w J\u00f3\u017awikowie\" \/>\n<meta property=\"article:modified_time\" content=\"2023-05-13T14:27:42+00:00\" \/>\n<meta name=\"twitter:card\" content=\"summary_large_image\" \/>\n<meta name=\"twitter:label1\" content=\"Szacowany czas czytania\" \/>\n\t<meta name=\"twitter:data1\" content=\"2 minuty\" \/>\n<script type=\"application\/ld+json\" class=\"yoast-schema-graph\">{\"@context\":\"https:\/\/schema.org\",\"@graph\":[{\"@type\":\"WebPage\",\"@id\":\"https:\/\/parafiajozwikow.pl\/index.php\/polityka-prywatnosci\/\",\"url\":\"https:\/\/parafiajozwikow.pl\/index.php\/polityka-prywatnosci\/\",\"name\":\"Polityka prywatno\u015bci - Parafia pw. MB Nieustaj\u0105cej Pomocy w J\u00f3\u017awikowie\",\"isPartOf\":{\"@id\":\"https:\/\/parafiajozwikow.pl\/#website\"},\"datePublished\":\"2023-05-13T11:06:40+00:00\",\"dateModified\":\"2023-05-13T14:27:42+00:00\",\"breadcrumb\":{\"@id\":\"https:\/\/parafiajozwikow.pl\/index.php\/polityka-prywatnosci\/#breadcrumb\"},\"inLanguage\":\"pl-PL\",\"potentialAction\":[{\"@type\":\"ReadAction\",\"target\":[\"https:\/\/parafiajozwikow.pl\/index.php\/polityka-prywatnosci\/\"]}]},{\"@type\":\"BreadcrumbList\",\"@id\":\"https:\/\/parafiajozwikow.pl\/index.php\/polityka-prywatnosci\/#breadcrumb\",\"itemListElement\":[{\"@type\":\"ListItem\",\"position\":1,\"name\":\"Strona g\u0142\u00f3wna\",\"item\":\"https:\/\/parafiajozwikow.pl\/\"},{\"@type\":\"ListItem\",\"position\":2,\"name\":\"Polityka prywatno\u015bci\"}]},{\"@type\":\"WebSite\",\"@id\":\"https:\/\/parafiajozwikow.pl\/#website\",\"url\":\"https:\/\/parafiajozwikow.pl\/\",\"name\":\"Parafia pw. MB Nieustaj\u0105cej Pomocy w J\u00f3\u017awikowie\",\"description\":\"\",\"potentialAction\":[{\"@type\":\"SearchAction\",\"target\":{\"@type\":\"EntryPoint\",\"urlTemplate\":\"https:\/\/parafiajozwikow.pl\/?s={search_term_string}\"},\"query-input\":{\"@type\":\"PropertyValueSpecification\",\"valueRequired\":true,\"valueName\":\"search_term_string\"}}],\"inLanguage\":\"pl-PL\"}]}<\/script>\n<!-- \/ Yoast SEO plugin. -->","yoast_head_json":{"title":"Polityka prywatno\u015bci - Parafia pw. MB Nieustaj\u0105cej Pomocy w J\u00f3\u017awikowie","robots":{"index":"index","follow":"follow","max-snippet":"max-snippet:-1","max-image-preview":"max-image-preview:large","max-video-preview":"max-video-preview:-1"},"canonical":"https:\/\/parafiajozwikow.pl\/index.php\/polityka-prywatnosci\/","og_locale":"pl_PL","og_type":"article","og_title":"Polityka prywatno\u015bci - Parafia pw. MB Nieustaj\u0105cej Pomocy w J\u00f3\u017awikowie","og_description":"Polityka prywatno\u015bci Pliki cookie: Strona internetowa parafiajozwikow.pl korzysta z plik\u00f3w cookie w celu poprawy funkcjonalno\u015bci, analizy ruchu na stronie oraz dostarczania spersonalizowanych tre\u015bci. Pliki cookie s\u0105 niewielkimi plikami tekstowymi przechowywanymi na urz\u0105dzeniu u\u017cytkownika. U\u017cytkownik ma mo\u017cliwo\u015b\u0107 zarz\u0105dzania ustawieniami dotycz\u0105cymi plik\u00f3w cookie poprzez ustawienia swojej przegl\u0105darki internetowej. Analityka Google: Strona parafialna wykorzystuje us\u0142ug\u0119 Google Analytics do [&hellip;]","og_url":"https:\/\/parafiajozwikow.pl\/index.php\/polityka-prywatnosci\/","og_site_name":"Parafia pw. MB Nieustaj\u0105cej Pomocy w J\u00f3\u017awikowie","article_modified_time":"2023-05-13T14:27:42+00:00","twitter_card":"summary_large_image","twitter_misc":{"Szacowany czas czytania":"2 minuty"},"schema":{"@context":"https:\/\/schema.org","@graph":[{"@type":"WebPage","@id":"https:\/\/parafiajozwikow.pl\/index.php\/polityka-prywatnosci\/","url":"https:\/\/parafiajozwikow.pl\/index.php\/polityka-prywatnosci\/","name":"Polityka prywatno\u015bci - Parafia pw. MB Nieustaj\u0105cej Pomocy w J\u00f3\u017awikowie","isPartOf":{"@id":"https:\/\/parafiajozwikow.pl\/#website"},"datePublished":"2023-05-13T11:06:40+00:00","dateModified":"2023-05-13T14:27:42+00:00","breadcrumb":{"@id":"https:\/\/parafiajozwikow.pl\/index.php\/polityka-prywatnosci\/#breadcrumb"},"inLanguage":"pl-PL","potentialAction":[{"@type":"ReadAction","target":["https:\/\/parafiajozwikow.pl\/index.php\/polityka-prywatnosci\/"]}]},{"@type":"BreadcrumbList","@id":"https:\/\/parafiajozwikow.pl\/index.php\/polityka-prywatnosci\/#breadcrumb","itemListElement":[{"@type":"ListItem","position":1,"name":"Strona g\u0142\u00f3wna","item":"https:\/\/parafiajozwikow.pl\/"},{"@type":"ListItem","position":2,"name":"Polityka prywatno\u015bci"}]},{"@type":"WebSite","@id":"https:\/\/parafiajozwikow.pl\/#website","url":"https:\/\/parafiajozwikow.pl\/","name":"Parafia pw. MB Nieustaj\u0105cej Pomocy w J\u00f3\u017awikowie","description":"","potentialAction":[{"@type":"SearchAction","target":{"@type":"EntryPoint","urlTemplate":"https:\/\/parafiajozwikow.pl\/?s={search_term_string}"},"query-input":{"@type":"PropertyValueSpecification","valueRequired":true,"valueName":"search_term_string"}}],"inLanguage":"pl-PL"}]}},"_links":{"self":[{"href":"https:\/\/parafiajozwikow.pl\/index.php\/wp-json\/wp\/v2\/pages\/333","targetHints":{"allow":["GET"]}}],"collection":[{"href":"https:\/\/parafiajozwikow.pl\/index.php\/wp-json\/wp\/v2\/pages"}],"about":[{"href":"https:\/\/parafiajozwikow.pl\/index.php\/wp-json\/wp\/v2\/types\/page"}],"author":[{"embeddable":true,"href":"https:\/\/parafiajozwikow.pl\/index.php\/wp-json\/wp\/v2\/users\/1"}],"replies":[{"embeddable":true,"href":"https:\/\/parafiajozwikow.pl\/index.php\/wp-json\/wp\/v2\/comments?post=333"}],"version-history":[{"count":6,"href":"https:\/\/parafiajozwikow.pl\/index.php\/wp-json\/wp\/v2\/pages\/333\/revisions"}],"predecessor-version":[{"id":446,"href":"https:\/\/parafiajozwikow.pl\/index.php\/wp-json\/wp\/v2\/pages\/333\/revisions\/446"}],"wp:attachment":[{"href":"https:\/\/parafiajozwikow.pl\/index.php\/wp-json\/wp\/v2\/media?parent=333"}],"curies":[{"name":"wp","href":"https:\/\/api.w.org\/{rel}","templated":true}]}}